{"id":25,"date":"2016-11-13T21:49:09","date_gmt":"2016-11-13T20:49:09","guid":{"rendered":"http:\/\/direktorenvereinigung-sachsen.de\/?page_id=25"},"modified":"2021-08-28T10:35:03","modified_gmt":"2021-08-28T08:35:03","slug":"mitgliedschaft","status":"publish","type":"page","link":"http:\/\/direktorenvereinigung-sachsen.de\/?page_id=25","title":{"rendered":"Mitgliedschaft"},"content":{"rendered":"<p>Sie k\u00f6nnen der Vereinigung beitreten - mit unserer <a href=\"http:\/\/direktorenvereinigung-sachsen.de\/wp-content\/uploads\/2021\/08\/vgs_beitrittserklaerung-1.pdf\" target=\"_blank\" rel=\"noopener\">Beitrittserkl\u00e4rung<\/a>. Bitte lesen Sie unsere <a href=\"http:\/\/direktorenvereinigung-sachsen.de\/wp-content\/uploads\/2016\/11\/vgs_satzung.pdf\" target=\"_blank\" rel=\"noopener\">Satzung<\/a>.<\/p>\n<p><strong>\u00dcbersicht \u00fcber die Dienstorte unserer Mitglieder<\/strong><\/p>\n<p><a href=\"http:\/\/direktorenvereinigung-sachsen.de\/wp-content\/uploads\/2016\/11\/Karte-mit-Dienstorten-der-Mitglieder.pdf\" rel=\"attachment wp-att-166\"><img loading=\"lazy\" class=\"alignnone wp-image-166\" src=\"http:\/\/direktorenvereinigung-sachsen.de\/wp-content\/uploads\/2016\/11\/Karte-Dienstorte-der-Mitglieder-300x247.png\" alt=\"karte-dienstorte-der-mitglieder\" width=\"391\" height=\"322\" srcset=\"http:\/\/direktorenvereinigung-sachsen.de\/wp-content\/uploads\/2016\/11\/Karte-Dienstorte-der-Mitglieder-300x247.png 300w, http:\/\/direktorenvereinigung-sachsen.de\/wp-content\/uploads\/2016\/11\/Karte-Dienstorte-der-Mitglieder-768x633.png 768w, http:\/\/direktorenvereinigung-sachsen.de\/wp-content\/uploads\/2016\/11\/Karte-Dienstorte-der-Mitglieder-1024x843.png 1024w, http:\/\/direktorenvereinigung-sachsen.de\/wp-content\/uploads\/2016\/11\/Karte-Dienstorte-der-Mitglieder-960x791.png 960w, http:\/\/direktorenvereinigung-sachsen.de\/wp-content\/uploads\/2016\/11\/Karte-Dienstorte-der-Mitglieder.png 1100w\" sizes=\"(max-width: 391px) 100vw, 391px\" \/><\/a><\/p>\n","protected":false},"excerpt":{"rendered":"<p>Sie k\u00f6nnen der Vereinigung beitreten - mit unserer Beitrittserkl\u00e4rung. Bitte lesen Sie unsere Satzung. \u00dcbersicht \u00fcber die Dienstorte unserer Mitglieder<\/p>\n","protected":false},"author":2,"featured_media":0,"parent":0,"menu_order":0,"comment_status":"closed","ping_status":"closed","template":"","meta":[],"_links":{"self":[{"href":"http:\/\/direktorenvereinigung-sachsen.de\/index.php?rest_route=\/wp\/v2\/pages\/25"}],"collection":[{"href":"http:\/\/direktorenvereinigung-sachsen.de\/index.php?rest_route=\/wp\/v2\/pages"}],"about":[{"href":"http:\/\/direktorenvereinigung-sachsen.de\/index.php?rest_route=\/wp\/v2\/types\/page"}],"author":[{"embeddable":true,"href":"http:\/\/direktorenvereinigung-sachsen.de\/index.php?rest_route=\/wp\/v2\/users\/2"}],"replies":[{"embeddable":true,"href":"http:\/\/direktorenvereinigung-sachsen.de\/index.php?rest_route=%2Fwp%2Fv2%2Fcomments&post=25"}],"version-history":[{"count":9,"href":"http:\/\/direktorenvereinigung-sachsen.de\/index.php?rest_route=\/wp\/v2\/pages\/25\/revisions"}],"predecessor-version":[{"id":480,"href":"http:\/\/direktorenvereinigung-sachsen.de\/index.php?rest_route=\/wp\/v2\/pages\/25\/revisions\/480"}],"wp:attachment":[{"href":"http:\/\/direktorenvereinigung-sachsen.de\/index.php?rest_route=%2Fwp%2Fv2%2Fmedia&parent=25"}],"curies":[{"name":"wp","href":"https:\/\/api.w.org\/{rel}","templated":true}]}}